{"id":3367,"date":"2025-12-07T23:27:28","date_gmt":"2025-12-07T23:27:28","guid":{"rendered":"https:\/\/orphanside.fr\/?page_id=3367"},"modified":"2025-12-08T00:05:27","modified_gmt":"2025-12-08T00:05:27","slug":"mission","status":"publish","type":"page","link":"https:\/\/orphanside.fr\/index.php\/mission\/","title":{"rendered":"Notre mission"},"content":{"rendered":"<h1>Notre mission<\/h1>\n<p>\t\tNotre mission<br \/>\n\t\t\t<svg xmlns=\"http:\/\/www.w3.org\/2000\/svg\" width=\"164\" height=\"146\" fill=\"none\" viewBox=\"0 0 164 146\"><path fill=\"currentColor\" d=\"M91.148.217c-1.36.133-3.06-.034-8.678 1.867-19.657 6.653-32.348 16.664-42.74 34.187-17.956 26.391-77.354 116.723-1.725 109.025 19.911-2.026 168.532-48.612 113.417-56.268l-1.219-.17c-19.601-2.722-31.268-4.342-28.347-4.667 12.348-1.375 43.93-8.374 39.242-26.974-5.495-21.802-76.898 9.017-66.558-10.95 3.533-6.822 12.229-47.584-3.392-46.05Z\"><\/path><\/svg><br \/>\n\t\t\t<svg xmlns=\"http:\/\/www.w3.org\/2000\/svg\" width=\"164\" height=\"146\" fill=\"none\" viewBox=\"0 0 164 146\"><path fill=\"currentColor\" d=\"M91.148.217c-1.36.133-3.06-.034-8.678 1.867-19.657 6.653-32.348 16.664-42.74 34.187-17.956 26.391-77.354 116.723-1.725 109.025 19.911-2.026 168.532-48.612 113.417-56.268l-1.219-.17c-19.601-2.722-31.268-4.342-28.347-4.667 12.348-1.375 43.93-8.374 39.242-26.974-5.495-21.802-76.898 9.017-66.558-10.95 3.533-6.822 12.229-47.584-3.392-46.05Z\"><\/path><\/svg>\t\t\t<\/p>\n<h2>La fracture num\u00e9rique, un frein \u00e0 l\u2019avenir\u200b<\/h2>\n<p>\t\t\t\t\t\t\t\t\t\t\t\t\t\t\t<img decoding=\"async\" width=\"232\" height=\"59\" src=\"http:\/\/orphanside.fr\/wp-content\/uploads\/2025\/12\/gw-svg-a.png\" alt=\"\" \/>\t\t\t\t\t\t\t\t\t\t\t\t\t<\/p>\n<p>Dans de nombreux pays d\u2019Afrique, notamment en Guin\u00e9e, des millions d\u2019enfants grandissent sans acc\u00e8s aux outils num\u00e9riques.<\/p>\n<ul>\n<li>Certains n&rsquo;ont jamais utilis\u00e9 un ordinateur,<\/li>\n<li>Certains n&rsquo;ont pas acc\u00e8s \u00e0 une connexion fiable,<\/li>\n<li>Certains manquent de comp\u00e9tence num\u00e9rique \u00e9l\u00e9mentaire,<\/li>\n<li>Certains se retrouvent exclus des opportunit\u00e9s professionnelles modernes.<\/li>\n<\/ul>\n<p data-start=\"427\" data-end=\"700\">Chaque enfant m\u00e9rite les m\u00eames chances d\u2019apprendre, de grandir et de construire son avenir.<br data-start=\"518\" data-end=\"521\" \/>Chez <strong data-start=\"526\" data-end=\"540\">Orphan Side<\/strong>, nous nous engageons \u00e0 offrir aux orphelins l\u2019acc\u00e8s aux outils num\u00e9riques.<br \/>Parce que l\u2019inclusion num\u00e9rique n\u2019est pas un luxe.<br \/>C\u2019est un droit\u2026 Une seconde chance.<\/p>\n<p>\t\t\t        <a href=\"#\" role=\"button\"><br \/>\n\t\t\t\t\t\tLearn more<br \/>\n                <\/a><br \/>\n        \t\t\t\t\t\t\t\t\t\t\t\t\t\t\t<img fetchpriority=\"high\" decoding=\"async\" width=\"353\" height=\"303\" src=\"http:\/\/orphanside.fr\/wp-content\/uploads\/2025\/12\/gw-about-s2-img-a.jpg\" alt=\"\" \/>\t\t\t\t\t\t\t\t\t\t\t\t\t\t\t\t\t\t\t\t\t\t\t\t\t\t<img decoding=\"async\" width=\"600\" height=\"516\" src=\"http:\/\/orphanside.fr\/wp-content\/uploads\/2025\/12\/gw-about-s2-img-b.jpg\" alt=\"\" \/>\t\t\t\t\t\t\t\t\t\t\t\t\t\t\t\t\t\t\t\t\t\t\t\t\t\t<img loading=\"lazy\" decoding=\"async\" width=\"452\" height=\"389\" src=\"http:\/\/orphanside.fr\/wp-content\/uploads\/2025\/12\/gw-about-s2-img-c.jpg\" alt=\"\" \/>\t\t\t\t\t\t\t\t\t\t\t\t\t\t\t\t\t\t\t\t\t\t\t\t\t\t<img loading=\"lazy\" decoding=\"async\" width=\"925\" height=\"896\" src=\"http:\/\/orphanside.fr\/wp-content\/uploads\/2025\/12\/gw-m2-s1-img-a.png\" alt=\"\" \/><br \/>\n            Orph\u00e9lins scolaris\u00e9s<br \/>\n                    100<br \/>\n                    +<br \/>\n            ordinateurs partag\u00e9s<br \/>\n                    54<br \/>\n                    +<br \/>\n            B\u00e9n\u00e9voles engag\u00e9s<br \/>\n                    27<br \/>\n                    +<br \/>\n            Francs Guin\u00e9ns collect\u00e9s<br \/>\n                    5<br \/>\n                    millions<\/p>\n<h2>Notre mission en une phrase<\/h2>\n<p>\t\t\t\t\t\t\t\t\t\t\t\t\t\t\t<img decoding=\"async\" width=\"232\" height=\"59\" src=\"http:\/\/orphanside.fr\/wp-content\/uploads\/2025\/12\/gw-svg-a.png\" alt=\"\" \/>\t\t\t\t\t\t\t\t\t\t\t\t\t<\/p>\n<p>Offrir \u00e0 chaque orphelin les comp\u00e9tences, les outils et l\u2019accompagnement n\u00e9cessaires pour devenir acteur dans un monde num\u00e9rique.<\/p>\n<p>            <img loading=\"lazy\" decoding=\"async\" src=\"http:\/\/orphanside.fr\/wp-content\/uploads\/2025\/12\/gw-about-s3-img-a.jpg\" loading=\"lazy\" width=\"570\" height=\"339\" alt=\"\" style=\"--img-height:339px\"><\/p>\n<h3 data-title=\"Scolarisation\">Scolarisation<\/h3>\n<p>We provide access to quality education and learning resources for children and adults in underserved communities.<\/p>\n<p><a href=\"#\">Learn more<svg xmlns=\"http:\/\/www.w3.org\/2000\/svg\" width=\"16\" height=\"16\" fill=\"none\" viewBox=\"0 0 16 16\"><path fill=\"currentColor\" d=\"M5.888.296a.25.25 0 0 0-.35-.046l-1.188.914a.25.25 0 0 0-.046.35L9.291 8l-4.99 6.485a.25.25 0 0 0 .045.35l1.191.915a.25.25 0 0 0 .35-.046l5.814-7.552a.25.25 0 0 0 0-.305L5.888.296Z\"><\/path><\/svg><\/a><img loading=\"lazy\" decoding=\"async\" src=\"http:\/\/orphanside.fr\/wp-content\/uploads\/2025\/12\/gw-about-s3-img-b.jpg\" loading=\"lazy\" width=\"570\" height=\"339\" alt=\"\" style=\"--img-height:339px\"><\/p>\n<h3 data-title=\"Bien \u00eatre &amp; Sant\u00e9\">Bien \u00eatre &#038; Sant\u00e9<\/h3>\n<p>We support families in crisis with food packages, school meals, and nutrition programs to ensure no one goes to bed hungry.<\/p>\n<p><a href=\"#\">Learn more<svg xmlns=\"http:\/\/www.w3.org\/2000\/svg\" width=\"16\" height=\"16\" fill=\"none\" viewBox=\"0 0 16 16\"><path fill=\"currentColor\" d=\"M5.888.296a.25.25 0 0 0-.35-.046l-1.188.914a.25.25 0 0 0-.046.35L9.291 8l-4.99 6.485a.25.25 0 0 0 .045.35l1.191.915a.25.25 0 0 0 .35-.046l5.814-7.552a.25.25 0 0 0 0-.305L5.888.296Z\"><\/path><\/svg><\/a><img loading=\"lazy\" decoding=\"async\" src=\"http:\/\/orphanside.fr\/wp-content\/uploads\/2025\/12\/gw-about-s3-img-c.jpg\" loading=\"lazy\" width=\"570\" height=\"339\" alt=\"\" style=\"--img-height:339px\"><\/p>\n<h3 data-title=\"Insertion\">Insertion<\/h3>\n<p>We offer free medical camps, health education, and access to clean water to support healthier lives.<\/p>\n<p><a href=\"#\">Learn more<svg xmlns=\"http:\/\/www.w3.org\/2000\/svg\" width=\"16\" height=\"16\" fill=\"none\" viewBox=\"0 0 16 16\"><path fill=\"currentColor\" d=\"M5.888.296a.25.25 0 0 0-.35-.046l-1.188.914a.25.25 0 0 0-.046.35L9.291 8l-4.99 6.485a.25.25 0 0 0 .045.35l1.191.915a.25.25 0 0 0 .35-.046l5.814-7.552a.25.25 0 0 0 0-.305L5.888.296Z\"><\/path><\/svg><\/a><img loading=\"lazy\" decoding=\"async\" src=\"http:\/\/orphanside.fr\/wp-content\/uploads\/2025\/12\/gw-about-s3-img-d.jpg\" loading=\"lazy\" width=\"570\" height=\"339\" alt=\"\" style=\"--img-height:339px\"><\/p>\n<h3 data-title=\"Culture\">Culture<\/h3>\n<p>We lead initiatives focused on environmental conservation, waste reduction, and climate education to safeguard our future.<\/p>\n<p><a href=\"#\">Learn more<svg xmlns=\"http:\/\/www.w3.org\/2000\/svg\" width=\"16\" height=\"16\" fill=\"none\" viewBox=\"0 0 16 16\"><path fill=\"currentColor\" d=\"M5.888.296a.25.25 0 0 0-.35-.046l-1.188.914a.25.25 0 0 0-.046.35L9.291 8l-4.99 6.485a.25.25 0 0 0 .045.35l1.191.915a.25.25 0 0 0 .35-.046l5.814-7.552a.25.25 0 0 0 0-.305L5.888.296Z\"><\/path><\/svg><\/a><br \/>\n    \t\t\t\t\t\t\t\t\t\t\t\t\t\t\t<img loading=\"lazy\" decoding=\"async\" width=\"1022\" height=\"846\" src=\"http:\/\/orphanside.fr\/wp-content\/uploads\/2025\/12\/gw-m3-s6-bg-a.jpg\" alt=\"\" \/>\t\t\t\t\t\t\t\t\t\t\t\t\t\t\t\t\t\t<\/p>\n<h2>We inspire and help them live better<\/h2>\n<p>\t\t\t\t\t\t\t\t\t\t\t\t\t\t\t<img decoding=\"async\" width=\"232\" height=\"59\" src=\"http:\/\/orphanside.fr\/wp-content\/uploads\/2025\/12\/gw-svg-a.png\" alt=\"\" \/>\t\t\t\t\t\t\t\t\t\t\t\t\t\t\t\t\t\t<\/p>\n<details id=\"e-n-accordion-item-1560\" open>\n<summary data-accordion-index=\"1\" tabindex=\"0\" aria-expanded=\"true\" aria-controls=\"e-n-accordion-item-1560\" >\n\t\t\t\t\t Empowering Lives Through Compassion<br \/>\n\t\t\t<svg xmlns=\"http:\/\/www.w3.org\/2000\/svg\" width=\"300\" height=\"300\" viewBox=\"0 0 300 300\" data-icon-name=\"e-delete\" data-icon-type=\"LaStudioIcons\"><path d=\"M18.9 131.1h262.5v37.5H18.9v-37.5z\" fill=\"currentColor\"\/><\/svg><br \/>\n\t\t\t<svg xmlns=\"http:\/\/www.w3.org\/2000\/svg\" width=\"300\" height=\"300\" viewBox=\"0 0 300 300\" data-icon-name=\"e-add\" data-icon-type=\"LaStudioIcons\"><path d=\"M281.4 131.1H168.9V18.6h-37.5v112.5H18.9v37.5h112.5v112.8h37.5V168.6h112.5v-37.5z\" fill=\"currentColor\"\/><\/svg><br \/>\n\t\t\t\t\t\t<\/summary>\n<p>To restore dignity and opportunity to those in need through sustainable programs that feed, educate, and empower.<\/p>\n<\/details>\n<details id=\"e-n-accordion-item-1561\" >\n<summary data-accordion-index=\"2\" tabindex=\"-1\" aria-expanded=\"false\" aria-controls=\"e-n-accordion-item-1561\" >\n\t\t\t\t\t Hope for Every Heart<br \/>\n\t\t\t<svg xmlns=\"http:\/\/www.w3.org\/2000\/svg\" width=\"300\" height=\"300\" viewBox=\"0 0 300 300\" data-icon-name=\"e-delete\" data-icon-type=\"LaStudioIcons\"><path d=\"M18.9 131.1h262.5v37.5H18.9v-37.5z\" fill=\"currentColor\"\/><\/svg><br \/>\n\t\t\t<svg xmlns=\"http:\/\/www.w3.org\/2000\/svg\" width=\"300\" height=\"300\" viewBox=\"0 0 300 300\" data-icon-name=\"e-add\" data-icon-type=\"LaStudioIcons\"><path d=\"M281.4 131.1H168.9V18.6h-37.5v112.5H18.9v37.5h112.5v112.8h37.5V168.6h112.5v-37.5z\" fill=\"currentColor\"\/><\/svg><br \/>\n\t\t\t\t\t\t<\/summary>\n<p>To restore dignity and opportunity to those in need through sustainable programs that feed, educate, and empower.<\/p>\n<\/details>\n<details id=\"e-n-accordion-item-1562\" >\n<summary data-accordion-index=\"3\" tabindex=\"-1\" aria-expanded=\"false\" aria-controls=\"e-n-accordion-item-1562\" >\n\t\t\t\t\t  Together for Change<br \/>\n\t\t\t<svg xmlns=\"http:\/\/www.w3.org\/2000\/svg\" width=\"300\" height=\"300\" viewBox=\"0 0 300 300\" data-icon-name=\"e-delete\" data-icon-type=\"LaStudioIcons\"><path d=\"M18.9 131.1h262.5v37.5H18.9v-37.5z\" fill=\"currentColor\"\/><\/svg><br \/>\n\t\t\t<svg xmlns=\"http:\/\/www.w3.org\/2000\/svg\" width=\"300\" height=\"300\" viewBox=\"0 0 300 300\" data-icon-name=\"e-add\" data-icon-type=\"LaStudioIcons\"><path d=\"M281.4 131.1H168.9V18.6h-37.5v112.5H18.9v37.5h112.5v112.8h37.5V168.6h112.5v-37.5z\" fill=\"currentColor\"\/><\/svg><br \/>\n\t\t\t\t\t\t<\/summary>\n<p>To restore dignity and opportunity to those in need through sustainable programs that feed, educate, and empower.<\/p>\n<\/details>\n<details id=\"e-n-accordion-item-1563\" >\n<summary data-accordion-index=\"4\" tabindex=\"-1\" aria-expanded=\"false\" aria-controls=\"e-n-accordion-item-1563\" >\n\t\t\t\t\t Building a Brighter Tomorrow<br \/>\n\t\t\t<svg xmlns=\"http:\/\/www.w3.org\/2000\/svg\" width=\"300\" height=\"300\" viewBox=\"0 0 300 300\" data-icon-name=\"e-delete\" data-icon-type=\"LaStudioIcons\"><path d=\"M18.9 131.1h262.5v37.5H18.9v-37.5z\" fill=\"currentColor\"\/><\/svg><br \/>\n\t\t\t<svg xmlns=\"http:\/\/www.w3.org\/2000\/svg\" width=\"300\" height=\"300\" viewBox=\"0 0 300 300\" data-icon-name=\"e-add\" data-icon-type=\"LaStudioIcons\"><path d=\"M281.4 131.1H168.9V18.6h-37.5v112.5H18.9v37.5h112.5v112.8h37.5V168.6h112.5v-37.5z\" fill=\"currentColor\"\/><\/svg><br \/>\n\t\t\t\t\t\t<\/summary>\n<p>To restore dignity and opportunity to those in need through sustainable programs that feed, educate, and empower.<\/p>\n<\/details>\n<p>To restore dignity and opportunity to those in need through sustainable programs that feed, educate, and empower.<\/p>\n<p>To restore dignity and opportunity to those in need through sustainable programs that feed, educate, and empower.<\/p>\n<p>To restore dignity and opportunity to those in need through sustainable programs that feed, educate, and empower.<\/p>\n<p>To restore dignity and opportunity to those in need through sustainable programs that feed, educate, and empower.<\/p>\n<h2>Our core beliefs<\/h2>\n<p>\t\t\t\t\t\t\t\t\t\t\t\t\t\t\t<img decoding=\"async\" width=\"232\" height=\"59\" src=\"http:\/\/orphanside.fr\/wp-content\/uploads\/2025\/12\/gw-svg-a.png\" alt=\"\" \/><br \/>\n            <img loading=\"lazy\" decoding=\"async\" src=\"http:\/\/orphanside.fr\/wp-content\/uploads\/2025\/12\/gw-m2-s6-img-a.jpg\" loading=\"lazy\" width=\"555\" height=\"321\" alt=\"\" style=\"--img-height:321px\"><\/p>\n<h3 data-title=\"Compassion in Action\">Compassion in Action<\/h3>\n<p>We believe that compassion is a force capable of transcending boundaries and transforming lives.<\/p>\n<p>By translating empathy into tangible actions, we strive to alleviate suffering and bring hope to those facing adversity.<\/p>\n<p><img loading=\"lazy\" decoding=\"async\" src=\"http:\/\/orphanside.fr\/wp-content\/uploads\/2025\/12\/gw-m1-s6-img-c.jpg\" loading=\"lazy\" width=\"740\" height=\"422\" alt=\"\" style=\"--img-height:422px\"><\/p>\n<h3 data-title=\"Empowering Communities\">Empowering Communities<\/h3>\n<p>Our mission is rooted in the empowerment of communities.<\/p>\n<p>We work towards creating opportunities for education, health, and sustainable livelihoods, recognizing that empowered communities are the architects of their own progress.<\/p>\n<p><img loading=\"lazy\" decoding=\"async\" src=\"http:\/\/orphanside.fr\/wp-content\/uploads\/2025\/12\/gw-m1-s6-img-e.jpg\" loading=\"lazy\" width=\"740\" height=\"422\" alt=\"\" style=\"--img-height:422px\"><\/p>\n<h3 data-title=\"Equality and Inclusion\">Equality and Inclusion<\/h3>\n<p>We champion the principles of equality and inclusion.<\/p>\n<p>Our mission is to dismantle barriers and create a world where every individual, regardless of background or circumstance, has access to the resources and opportunities necessary for a dignified life.<\/p>\n<h2>Ils nous font confiance<\/h2>\n<p>\t\t\t\t\t\t\t\t\t\t\t\t\t\t\t<img decoding=\"async\" width=\"232\" height=\"59\" src=\"http:\/\/orphanside.fr\/wp-content\/uploads\/2025\/12\/gw-svg-a.png\" alt=\"\" \/><br \/>\n            <img loading=\"lazy\" decoding=\"async\" src=\"http:\/\/orphanside.fr\/wp-content\/uploads\/2025\/12\/gw-m2-s9-img-a.jpg\" loading=\"lazy\" width=\"280\" height=\"210\" alt=\"\" style=\"--img-height:210px\"><img loading=\"lazy\" decoding=\"async\" src=\"http:\/\/orphanside.fr\/wp-content\/uploads\/2025\/12\/gw-m2-s9-img-b.jpg\" loading=\"lazy\" width=\"280\" height=\"210\" alt=\"\" style=\"--img-height:210px\"><img loading=\"lazy\" decoding=\"async\" src=\"http:\/\/orphanside.fr\/wp-content\/uploads\/2025\/12\/gw-m2-s9-img-c.jpg\" loading=\"lazy\" width=\"280\" height=\"210\" alt=\"\" style=\"--img-height:210px\"><img loading=\"lazy\" decoding=\"async\" src=\"http:\/\/orphanside.fr\/wp-content\/uploads\/2025\/12\/gw-m2-s9-img-d.jpg\" loading=\"lazy\" width=\"280\" height=\"210\" alt=\"\" style=\"--img-height:210px\"><img loading=\"lazy\" decoding=\"async\" src=\"http:\/\/orphanside.fr\/wp-content\/uploads\/2025\/12\/gw-m2-s9-img-e.jpg\" loading=\"lazy\" width=\"280\" height=\"210\" alt=\"\" style=\"--img-height:210px\">        <\/p>\n<h2>Notre mission en une phrase<\/h2>\n<p>\t\t\t\t\t\t\t\t\t\t\t\t\t\t\t<img decoding=\"async\" width=\"232\" height=\"59\" src=\"http:\/\/orphanside.fr\/wp-content\/uploads\/2025\/12\/gw-svg-a.png\" alt=\"\" \/>\t\t\t\t\t\t\t\t\t\t\t\t\t<\/p>\n<p>Offrir \u00e0 chaque orphelin les comp\u00e9tences, les outils et l\u2019accompagnement n\u00e9cessaires pour devenir acteur dans un monde num\u00e9rique.<\/p>\n<p>\t\t\t        <a href=\"#\" role=\"button\"><br \/>\n\t\t\t\t\t\tFaire un don<br \/>\n                <\/a><br \/>\n        \t\t\t\t\t        <a href=\"#\" role=\"button\"><br \/>\n\t\t\t\t\t\tDevenir b\u00e9n\u00e9vole<br \/>\n                <\/a><br \/>\n        \t\t\t\t\t        <a href=\"#\" role=\"button\"><br \/>\n\t\t\t\t\t\tDevenir partenaire<br \/>\n                <\/a><\/p>\n","protected":false},"excerpt":{"rendered":"<p>Notre mission Notre mission La fracture num\u00e9rique, un frein \u00e0 l\u2019avenir\u200b Dans de nombreux pays d\u2019Afrique, notamment en Guin\u00e9e, des millions d\u2019enfants grandissent sans acc\u00e8s aux outils num\u00e9riques. Certains n&rsquo;ont jamais utilis\u00e9 un ordinateur, Certains n&rsquo;ont pas acc\u00e8s \u00e0 une connexion fiable, Certains manquent de comp\u00e9tence num\u00e9rique \u00e9l\u00e9mentaire, Certains se&hellip;<\/p>\n","protected":false},"author":1,"featured_media":0,"parent":0,"menu_order":0,"comment_status":"closed","ping_status":"closed","template":"","meta":{"give_campaign_id":0,"footnotes":""},"class_list":["post-3367","page","type-page","status-publish","hentry"],"yoast_head":"<!-- This site is optimized with the Yoast SEO plugin v26.5 - https:\/\/yoast.com\/wordpress\/plugins\/seo\/ -->\n<title>Notre mission - Orphan Side<\/title>\n<meta name=\"robots\" content=\"index, follow, max-snippet:-1, max-image-preview:large, max-video-preview:-1\" \/>\n<link rel=\"canonical\" href=\"http:\/\/orphanside.fr\/index.php\/mission\/\" \/>\n<meta property=\"og:locale\" content=\"fr_FR\" \/>\n<meta property=\"og:type\" content=\"article\" \/>\n<meta property=\"og:title\" content=\"Notre mission - Orphan Side\" \/>\n<meta property=\"og:description\" content=\"Notre mission Notre mission La fracture num\u00e9rique, un frein \u00e0 l\u2019avenir\u200b Dans de nombreux pays d\u2019Afrique, notamment en Guin\u00e9e, des millions d\u2019enfants grandissent sans acc\u00e8s aux outils num\u00e9riques. Certains n&rsquo;ont jamais utilis\u00e9 un ordinateur, Certains n&rsquo;ont pas acc\u00e8s \u00e0 une connexion fiable, Certains manquent de comp\u00e9tence num\u00e9rique \u00e9l\u00e9mentaire, Certains se&hellip;\" \/>\n<meta property=\"og:url\" content=\"http:\/\/orphanside.fr\/index.php\/mission\/\" \/>\n<meta property=\"og:site_name\" content=\"Orphan Side\" \/>\n<meta property=\"article:modified_time\" content=\"2025-12-08T00:05:27+00:00\" \/>\n<meta property=\"og:image\" content=\"http:\/\/orphanside.fr\/wp-content\/uploads\/2025\/12\/gw-svg-a.png\" \/>\n<meta name=\"twitter:card\" content=\"summary_large_image\" \/>\n<meta name=\"twitter:label1\" content=\"Dur\u00e9e de lecture estim\u00e9e\" \/>\n\t<meta name=\"twitter:data1\" content=\"3 minutes\" \/>\n<script type=\"application\/ld+json\" class=\"yoast-schema-graph\">{\"@context\":\"https:\/\/schema.org\",\"@graph\":[{\"@type\":\"WebPage\",\"@id\":\"http:\/\/orphanside.fr\/index.php\/mission\/\",\"url\":\"http:\/\/orphanside.fr\/index.php\/mission\/\",\"name\":\"Notre mission - Orphan Side\",\"isPartOf\":{\"@id\":\"http:\/\/orphanside.fr\/#website\"},\"primaryImageOfPage\":{\"@id\":\"http:\/\/orphanside.fr\/index.php\/mission\/#primaryimage\"},\"image\":{\"@id\":\"http:\/\/orphanside.fr\/index.php\/mission\/#primaryimage\"},\"thumbnailUrl\":\"http:\/\/orphanside.fr\/wp-content\/uploads\/2025\/12\/gw-svg-a.png\",\"datePublished\":\"2025-12-07T23:27:28+00:00\",\"dateModified\":\"2025-12-08T00:05:27+00:00\",\"breadcrumb\":{\"@id\":\"http:\/\/orphanside.fr\/index.php\/mission\/#breadcrumb\"},\"inLanguage\":\"fr-FR\",\"potentialAction\":[{\"@type\":\"ReadAction\",\"target\":[\"http:\/\/orphanside.fr\/index.php\/mission\/\"]}]},{\"@type\":\"ImageObject\",\"inLanguage\":\"fr-FR\",\"@id\":\"http:\/\/orphanside.fr\/index.php\/mission\/#primaryimage\",\"url\":\"http:\/\/orphanside.fr\/wp-content\/uploads\/2025\/12\/gw-svg-a.png\",\"contentUrl\":\"http:\/\/orphanside.fr\/wp-content\/uploads\/2025\/12\/gw-svg-a.png\"},{\"@type\":\"BreadcrumbList\",\"@id\":\"http:\/\/orphanside.fr\/index.php\/mission\/#breadcrumb\",\"itemListElement\":[{\"@type\":\"ListItem\",\"position\":1,\"name\":\"Accueil\",\"item\":\"http:\/\/orphanside.fr\/\"},{\"@type\":\"ListItem\",\"position\":2,\"name\":\"Notre mission\"}]},{\"@type\":\"WebSite\",\"@id\":\"http:\/\/orphanside.fr\/#website\",\"url\":\"http:\/\/orphanside.fr\/\",\"name\":\"Orphan Side\",\"description\":\"\",\"potentialAction\":[{\"@type\":\"SearchAction\",\"target\":{\"@type\":\"EntryPoint\",\"urlTemplate\":\"http:\/\/orphanside.fr\/?s={search_term_string}\"},\"query-input\":{\"@type\":\"PropertyValueSpecification\",\"valueRequired\":true,\"valueName\":\"search_term_string\"}}],\"inLanguage\":\"fr-FR\"}]}<\/script>\n<!-- \/ Yoast SEO plugin. -->","yoast_head_json":{"title":"Notre mission - Orphan Side","robots":{"index":"index","follow":"follow","max-snippet":"max-snippet:-1","max-image-preview":"max-image-preview:large","max-video-preview":"max-video-preview:-1"},"canonical":"http:\/\/orphanside.fr\/index.php\/mission\/","og_locale":"fr_FR","og_type":"article","og_title":"Notre mission - Orphan Side","og_description":"Notre mission Notre mission La fracture num\u00e9rique, un frein \u00e0 l\u2019avenir\u200b Dans de nombreux pays d\u2019Afrique, notamment en Guin\u00e9e, des millions d\u2019enfants grandissent sans acc\u00e8s aux outils num\u00e9riques. Certains n&rsquo;ont jamais utilis\u00e9 un ordinateur, Certains n&rsquo;ont pas acc\u00e8s \u00e0 une connexion fiable, Certains manquent de comp\u00e9tence num\u00e9rique \u00e9l\u00e9mentaire, Certains se&hellip;","og_url":"http:\/\/orphanside.fr\/index.php\/mission\/","og_site_name":"Orphan Side","article_modified_time":"2025-12-08T00:05:27+00:00","og_image":[{"url":"http:\/\/orphanside.fr\/wp-content\/uploads\/2025\/12\/gw-svg-a.png","type":"","width":"","height":""}],"twitter_card":"summary_large_image","twitter_misc":{"Dur\u00e9e de lecture estim\u00e9e":"3 minutes"},"schema":{"@context":"https:\/\/schema.org","@graph":[{"@type":"WebPage","@id":"http:\/\/orphanside.fr\/index.php\/mission\/","url":"http:\/\/orphanside.fr\/index.php\/mission\/","name":"Notre mission - Orphan Side","isPartOf":{"@id":"http:\/\/orphanside.fr\/#website"},"primaryImageOfPage":{"@id":"http:\/\/orphanside.fr\/index.php\/mission\/#primaryimage"},"image":{"@id":"http:\/\/orphanside.fr\/index.php\/mission\/#primaryimage"},"thumbnailUrl":"http:\/\/orphanside.fr\/wp-content\/uploads\/2025\/12\/gw-svg-a.png","datePublished":"2025-12-07T23:27:28+00:00","dateModified":"2025-12-08T00:05:27+00:00","breadcrumb":{"@id":"http:\/\/orphanside.fr\/index.php\/mission\/#breadcrumb"},"inLanguage":"fr-FR","potentialAction":[{"@type":"ReadAction","target":["http:\/\/orphanside.fr\/index.php\/mission\/"]}]},{"@type":"ImageObject","inLanguage":"fr-FR","@id":"http:\/\/orphanside.fr\/index.php\/mission\/#primaryimage","url":"http:\/\/orphanside.fr\/wp-content\/uploads\/2025\/12\/gw-svg-a.png","contentUrl":"http:\/\/orphanside.fr\/wp-content\/uploads\/2025\/12\/gw-svg-a.png"},{"@type":"BreadcrumbList","@id":"http:\/\/orphanside.fr\/index.php\/mission\/#breadcrumb","itemListElement":[{"@type":"ListItem","position":1,"name":"Accueil","item":"http:\/\/orphanside.fr\/"},{"@type":"ListItem","position":2,"name":"Notre mission"}]},{"@type":"WebSite","@id":"http:\/\/orphanside.fr\/#website","url":"http:\/\/orphanside.fr\/","name":"Orphan Side","description":"","potentialAction":[{"@type":"SearchAction","target":{"@type":"EntryPoint","urlTemplate":"http:\/\/orphanside.fr\/?s={search_term_string}"},"query-input":{"@type":"PropertyValueSpecification","valueRequired":true,"valueName":"search_term_string"}}],"inLanguage":"fr-FR"}]}},"campaignId":"","_links":{"self":[{"href":"https:\/\/orphanside.fr\/index.php\/wp-json\/wp\/v2\/pages\/3367","targetHints":{"allow":["GET"]}}],"collection":[{"href":"https:\/\/orphanside.fr\/index.php\/wp-json\/wp\/v2\/pages"}],"about":[{"href":"https:\/\/orphanside.fr\/index.php\/wp-json\/wp\/v2\/types\/page"}],"author":[{"embeddable":true,"href":"https:\/\/orphanside.fr\/index.php\/wp-json\/wp\/v2\/users\/1"}],"replies":[{"embeddable":true,"href":"https:\/\/orphanside.fr\/index.php\/wp-json\/wp\/v2\/comments?post=3367"}],"version-history":[{"count":4,"href":"https:\/\/orphanside.fr\/index.php\/wp-json\/wp\/v2\/pages\/3367\/revisions"}],"predecessor-version":[{"id":3371,"href":"https:\/\/orphanside.fr\/index.php\/wp-json\/wp\/v2\/pages\/3367\/revisions\/3371"}],"wp:attachment":[{"href":"https:\/\/orphanside.fr\/index.php\/wp-json\/wp\/v2\/media?parent=3367"}],"curies":[{"name":"wp","href":"https:\/\/api.w.org\/{rel}","templated":true}]}}